{"id":29,"date":"2026-01-09T14:52:27","date_gmt":"2026-01-09T14:52:27","guid":{"rendered":"https:\/\/tulikavio.de\/?page_id=29"},"modified":"2026-01-09T17:05:37","modified_gmt":"2026-01-09T17:05:37","slug":"tulikavio","status":"publish","type":"page","link":"https:\/\/tulikavio.de\/","title":{"rendered":"Tulikavio &#8211; Pferdekunst aus Feuer und Eis"},"content":{"rendered":"\n<div class=\"wp-block-group alignfull has-global-padding is-layout-constrained wp-block-group-is-layout-constrained\" style=\"margin-top:0;margin-bottom:0;padding-top:var(--wp--preset--spacing--50);padding-bottom:var(--wp--preset--spacing--50)\">\n<div class=\"wp-block-columns alignwide is-layout-flex wp-container-core-columns-is-layout-47c06fe3 wp-block-columns-is-layout-flex\">\n<div class=\"wp-block-column is-layout-flow wp-block-column-is-layout-flow\" style=\"flex-basis:56%\">\n<figure class=\"wp-block-image size-full\"><img loading=\"lazy\" decoding=\"async\" width=\"1134\" height=\"1623\" src=\"https:\/\/tulikavio.de\/wp-content\/uploads\/2026\/01\/phoenix-low.jpg\" alt=\"\" class=\"wp-image-44\" style=\"aspect-ratio:1;object-fit:cover\" srcset=\"https:\/\/tulikavio.de\/wp-content\/uploads\/2026\/01\/phoenix-low.jpg 1134w, https:\/\/tulikavio.de\/wp-content\/uploads\/2026\/01\/phoenix-low-210x300.jpg 210w, https:\/\/tulikavio.de\/wp-content\/uploads\/2026\/01\/phoenix-low-715x1024.jpg 715w, https:\/\/tulikavio.de\/wp-content\/uploads\/2026\/01\/phoenix-low-768x1099.jpg 768w, https:\/\/tulikavio.de\/wp-content\/uploads\/2026\/01\/phoenix-low-1073x1536.jpg 1073w\" sizes=\"auto, (max-width: 1134px) 100vw, 1134px\" \/><figcaption class=\"wp-element-caption\">Phoenix, 2023<\/figcaption><\/figure>\n<\/div>\n\n\n\n<div class=\"wp-block-column is-vertically-aligned-center is-layout-flow wp-container-core-column-is-layout-119bc444 wp-block-column-is-layout-flow\">\n<h2 class=\"wp-block-heading\">K\u00fcnstlerin Stiina Hovi<\/h2>\n\n\n\n<p>Ich bin Stiina Hovi, eine finnische Pferdek\u00fcnstlerin. Mein K\u00fcnstlername Tulikavio bedeutet auf Finnisch \u201dfeurige Hufe\u201c.<\/p>\n\n\n\n<p>An Pferden faszinieren mich ihre Ausdruckskraft, ihre Linienf\u00fchrung und ihre unendliche Bewegung. Meine Bilder sind keine Fotografien, sondern eher Gef\u00fchlswerke.<\/p>\n\n\n\n<p>Das Pferd ist mehr als ein Tier, es ist ein Symbol. Mit Hilfe des Pferdes lassen sich Gef\u00fchle, Gedanken und Rollen darstellen \u2013 also auch die Menschlichkeit.<\/p>\n\n\n\n<div class=\"wp-block-buttons is-layout-flex wp-block-buttons-is-layout-flex\">\n<div class=\"wp-block-button\"><a class=\"wp-block-button__link wp-element-button\" href=\"#Seit\">Mehr lesen<\/a><\/div>\n<\/div>\n<\/div>\n<\/div>\n<\/div>\n\n\n\n<div class=\"wp-block-group alignfull has-global-padding is-layout-constrained wp-block-group-is-layout-constrained\" style=\"margin-top:0;margin-bottom:0;padding-top:var(--wp--preset--spacing--50);padding-bottom:var(--wp--preset--spacing--50)\">\n<div class=\"wp-block-group alignwide is-layout-grid wp-container-core-group-is-layout-840b37f5 wp-block-group-is-layout-grid\">\n<div class=\"wp-block-group is-vertical is-layout-flex wp-container-core-group-is-layout-d6b9ab57 wp-block-group-is-layout-flex\">\n<h2 class=\"wp-block-heading has-x-large-font-size\">Schauen Sie sich meine Kunst an<\/h2>\n<\/div>\n\n\n\n<div class=\"wp-block-group is-vertical is-content-justification-stretch is-layout-flex wp-container-core-group-is-layout-353c4f5a wp-block-group-is-layout-flex\">\n<div class=\"wp-block-cover has-custom-content-position is-position-bottom-center\"><img loading=\"lazy\" decoding=\"async\" width=\"715\" height=\"1024\" class=\"wp-block-cover__image-background wp-image-35 size-large\" alt=\"\" src=\"https:\/\/tulikavio.de\/wp-content\/uploads\/2026\/01\/moonbearer-low-715x1024.jpg\" data-object-fit=\"cover\" srcset=\"https:\/\/tulikavio.de\/wp-content\/uploads\/2026\/01\/moonbearer-low-715x1024.jpg 715w, https:\/\/tulikavio.de\/wp-content\/uploads\/2026\/01\/moonbearer-low-209x300.jpg 209w, https:\/\/tulikavio.de\/wp-content\/uploads\/2026\/01\/moonbearer-low-768x1101.jpg 768w, https:\/\/tulikavio.de\/wp-content\/uploads\/2026\/01\/moonbearer-low-1072x1536.jpg 1072w, https:\/\/tulikavio.de\/wp-content\/uploads\/2026\/01\/moonbearer-low.jpg 1134w\" sizes=\"auto, (max-width: 715px) 100vw, 715px\" \/><span aria-hidden=\"true\" class=\"wp-block-cover__background has-background-dim-0 has-background-dim\" style=\"background-color:#833d3a\"><\/span><div class=\"wp-block-cover__inner-container has-global-padding is-layout-constrained wp-block-cover-is-layout-constrained\">\n<div style=\"height:var(--wp--preset--spacing--20)\" aria-hidden=\"true\" class=\"wp-block-spacer\"><\/div>\n<\/div><\/div>\n\n\n\n<p class=\"has-text-align-center\">Moonbearer, 2025<\/p>\n<\/div>\n\n\n\n<div class=\"wp-block-group is-vertical is-content-justification-stretch is-layout-flex wp-container-core-group-is-layout-353c4f5a wp-block-group-is-layout-flex\">\n<div class=\"wp-block-cover\"><img loading=\"lazy\" decoding=\"async\" width=\"1024\" height=\"1010\" class=\"wp-block-cover__image-background wp-image-39 size-large\" alt=\"\" src=\"https:\/\/tulikavio.de\/wp-content\/uploads\/2026\/01\/soturi-sveina-low-1024x1010.jpg\" data-object-fit=\"cover\" srcset=\"https:\/\/tulikavio.de\/wp-content\/uploads\/2026\/01\/soturi-sveina-low-1024x1010.jpg 1024w, https:\/\/tulikavio.de\/wp-content\/uploads\/2026\/01\/soturi-sveina-low-300x296.jpg 300w, https:\/\/tulikavio.de\/wp-content\/uploads\/2026\/01\/soturi-sveina-low-768x757.jpg 768w, https:\/\/tulikavio.de\/wp-content\/uploads\/2026\/01\/soturi-sveina-low.jpg 1276w\" sizes=\"auto, (max-width: 1024px) 100vw, 1024px\" \/><span aria-hidden=\"true\" class=\"wp-block-cover__background has-background-dim-0 has-background-dim\" style=\"background-color:#828282\"><\/span><div class=\"wp-block-cover__inner-container has-global-padding is-layout-constrained wp-block-cover-is-layout-constrained\">\n<div style=\"height:var(--wp--preset--spacing--20)\" aria-hidden=\"true\" class=\"wp-block-spacer\"><\/div>\n<\/div><\/div>\n\n\n\n<p class=\"has-text-align-center\">The Warrior, 2021<\/p>\n<\/div>\n\n\n\n<div class=\"wp-block-group is-vertical is-content-justification-stretch is-layout-flex wp-container-core-group-is-layout-353c4f5a wp-block-group-is-layout-flex\">\n<div class=\"wp-block-cover\"><img loading=\"lazy\" decoding=\"async\" width=\"608\" height=\"1024\" class=\"wp-block-cover__image-background wp-image-14 size-large\" alt=\"\" src=\"https:\/\/tulikavio.de\/wp-content\/uploads\/2026\/01\/ennustaja-Hellseher-low-608x1024.jpg\" data-object-fit=\"cover\" srcset=\"https:\/\/tulikavio.de\/wp-content\/uploads\/2026\/01\/ennustaja-Hellseher-low-608x1024.jpg 608w, https:\/\/tulikavio.de\/wp-content\/uploads\/2026\/01\/ennustaja-Hellseher-low-178x300.jpg 178w, https:\/\/tulikavio.de\/wp-content\/uploads\/2026\/01\/ennustaja-Hellseher-low-768x1294.jpg 768w, https:\/\/tulikavio.de\/wp-content\/uploads\/2026\/01\/ennustaja-Hellseher-low-911x1536.jpg 911w, https:\/\/tulikavio.de\/wp-content\/uploads\/2026\/01\/ennustaja-Hellseher-low.jpg 992w\" sizes=\"auto, (max-width: 608px) 100vw, 608px\" \/><span aria-hidden=\"true\" class=\"wp-block-cover__background has-background-dim-0 has-background-dim\" style=\"background-color:#d6bc98\"><\/span><div class=\"wp-block-cover__inner-container has-global-padding is-layout-constrained wp-block-cover-is-layout-constrained\">\n<div style=\"height:var(--wp--preset--spacing--20)\" aria-hidden=\"true\" class=\"wp-block-spacer\"><\/div>\n<\/div><\/div>\n\n\n\n<p class=\"has-text-align-center\">Hellseher, 2024<\/p>\n<\/div>\n<\/div>\n<\/div>\n\n\n\n<div class=\"wp-block-group alignfull has-global-padding is-layout-constrained wp-block-group-is-layout-constrained\" style=\"margin-top:0;margin-bottom:0;padding-top:var(--wp--preset--spacing--50);padding-bottom:var(--wp--preset--spacing--50)\">\n<div class=\"wp-block-group alignwide is-layout-grid wp-container-core-group-is-layout-21f393a4 wp-block-group-is-layout-grid\">\n<figure class=\"wp-block-image size-full wp-container-content-79286276\"><img loading=\"lazy\" decoding=\"async\" width=\"1276\" height=\"1261\" src=\"https:\/\/tulikavio.de\/wp-content\/uploads\/2026\/01\/aavistus-low.jpg\" alt=\"\" class=\"wp-image-23\" style=\"aspect-ratio:1;object-fit:cover\" srcset=\"https:\/\/tulikavio.de\/wp-content\/uploads\/2026\/01\/aavistus-low.jpg 1276w, https:\/\/tulikavio.de\/wp-content\/uploads\/2026\/01\/aavistus-low-300x296.jpg 300w, https:\/\/tulikavio.de\/wp-content\/uploads\/2026\/01\/aavistus-low-1024x1012.jpg 1024w, https:\/\/tulikavio.de\/wp-content\/uploads\/2026\/01\/aavistus-low-768x759.jpg 768w\" sizes=\"auto, (max-width: 1276px) 100vw, 1276px\" \/><figcaption class=\"wp-element-caption\">Ahnung, 2025<\/figcaption><\/figure>\n\n\n\n<figure class=\"wp-block-image size-full wp-container-content-79286276\"><img loading=\"lazy\" decoding=\"async\" width=\"1276\" height=\"1249\" src=\"https:\/\/tulikavio.de\/wp-content\/uploads\/2026\/01\/high-hopes-and-magical-moments-low.jpg\" alt=\"\" class=\"wp-image-19\" style=\"aspect-ratio:1;object-fit:cover\" srcset=\"https:\/\/tulikavio.de\/wp-content\/uploads\/2026\/01\/high-hopes-and-magical-moments-low.jpg 1276w, https:\/\/tulikavio.de\/wp-content\/uploads\/2026\/01\/high-hopes-and-magical-moments-low-300x294.jpg 300w, https:\/\/tulikavio.de\/wp-content\/uploads\/2026\/01\/high-hopes-and-magical-moments-low-1024x1002.jpg 1024w, https:\/\/tulikavio.de\/wp-content\/uploads\/2026\/01\/high-hopes-and-magical-moments-low-768x752.jpg 768w\" sizes=\"auto, (max-width: 1276px) 100vw, 1276px\" \/><figcaption class=\"wp-element-caption\">High Hopes and Magical Moments, 2024<\/figcaption><\/figure>\n\n\n\n<figure class=\"wp-block-image size-full\"><img loading=\"lazy\" decoding=\"async\" width=\"1276\" height=\"1269\" src=\"https:\/\/tulikavio.de\/wp-content\/uploads\/2026\/01\/washed-out-low.jpg\" alt=\"\" class=\"wp-image-34\" style=\"aspect-ratio:1;object-fit:cover\" srcset=\"https:\/\/tulikavio.de\/wp-content\/uploads\/2026\/01\/washed-out-low.jpg 1276w, https:\/\/tulikavio.de\/wp-content\/uploads\/2026\/01\/washed-out-low-300x298.jpg 300w, https:\/\/tulikavio.de\/wp-content\/uploads\/2026\/01\/washed-out-low-1024x1018.jpg 1024w, https:\/\/tulikavio.de\/wp-content\/uploads\/2026\/01\/washed-out-low-150x150.jpg 150w, https:\/\/tulikavio.de\/wp-content\/uploads\/2026\/01\/washed-out-low-768x764.jpg 768w\" sizes=\"auto, (max-width: 1276px) 100vw, 1276px\" \/><figcaption class=\"wp-element-caption\">Washed Away, 2023<\/figcaption><\/figure>\n\n\n\n<figure class=\"wp-block-image size-full\"><img loading=\"lazy\" decoding=\"async\" width=\"1417\" height=\"1415\" src=\"https:\/\/tulikavio.de\/wp-content\/uploads\/2026\/01\/exeunt-low.jpg\" alt=\"\" class=\"wp-image-16\" style=\"aspect-ratio:1;object-fit:cover\" srcset=\"https:\/\/tulikavio.de\/wp-content\/uploads\/2026\/01\/exeunt-low.jpg 1417w, https:\/\/tulikavio.de\/wp-content\/uploads\/2026\/01\/exeunt-low-300x300.jpg 300w, https:\/\/tulikavio.de\/wp-content\/uploads\/2026\/01\/exeunt-low-1024x1024.jpg 1024w, https:\/\/tulikavio.de\/wp-content\/uploads\/2026\/01\/exeunt-low-150x150.jpg 150w, https:\/\/tulikavio.de\/wp-content\/uploads\/2026\/01\/exeunt-low-768x767.jpg 768w\" sizes=\"auto, (max-width: 1417px) 100vw, 1417px\" \/><figcaption class=\"wp-element-caption\">Exeunt, 2025<\/figcaption><\/figure>\n\n\n\n<figure class=\"wp-block-image size-full\"><img loading=\"lazy\" decoding=\"async\" width=\"1134\" height=\"1116\" src=\"https:\/\/tulikavio.de\/wp-content\/uploads\/2026\/01\/rooma-low.jpg\" alt=\"\" class=\"wp-image-41\" style=\"aspect-ratio:1;object-fit:cover\" srcset=\"https:\/\/tulikavio.de\/wp-content\/uploads\/2026\/01\/rooma-low.jpg 1134w, https:\/\/tulikavio.de\/wp-content\/uploads\/2026\/01\/rooma-low-300x295.jpg 300w, https:\/\/tulikavio.de\/wp-content\/uploads\/2026\/01\/rooma-low-1024x1008.jpg 1024w, https:\/\/tulikavio.de\/wp-content\/uploads\/2026\/01\/rooma-low-768x756.jpg 768w\" sizes=\"auto, (max-width: 1134px) 100vw, 1134px\" \/><figcaption class=\"wp-element-caption\">Rome, 2019<\/figcaption><\/figure>\n\n\n\n<figure class=\"wp-block-image size-full wp-container-content-79286276\"><img loading=\"lazy\" decoding=\"async\" width=\"920\" height=\"1116\" src=\"https:\/\/tulikavio.de\/wp-content\/uploads\/2026\/01\/I-Will-Rise-low-edited.jpg\" alt=\"\" class=\"wp-image-68\" style=\"aspect-ratio:1;object-fit:cover\" srcset=\"https:\/\/tulikavio.de\/wp-content\/uploads\/2026\/01\/I-Will-Rise-low-edited.jpg 920w, https:\/\/tulikavio.de\/wp-content\/uploads\/2026\/01\/I-Will-Rise-low-edited-247x300.jpg 247w, https:\/\/tulikavio.de\/wp-content\/uploads\/2026\/01\/I-Will-Rise-low-edited-844x1024.jpg 844w, https:\/\/tulikavio.de\/wp-content\/uploads\/2026\/01\/I-Will-Rise-low-edited-768x932.jpg 768w\" sizes=\"auto, (max-width: 920px) 100vw, 920px\" \/><figcaption class=\"wp-element-caption\">I Will Rise, 2025<\/figcaption><\/figure>\n\n\n\n<figure class=\"wp-block-image size-full\"><img loading=\"lazy\" decoding=\"async\" width=\"1984\" height=\"981\" src=\"https:\/\/tulikavio.de\/wp-content\/uploads\/2026\/01\/ikuinen-ylamaki-low.jpg\" alt=\"\" class=\"wp-image-25\" style=\"aspect-ratio:1;object-fit:cover\" srcset=\"https:\/\/tulikavio.de\/wp-content\/uploads\/2026\/01\/ikuinen-ylamaki-low.jpg 1984w, https:\/\/tulikavio.de\/wp-content\/uploads\/2026\/01\/ikuinen-ylamaki-low-300x148.jpg 300w, https:\/\/tulikavio.de\/wp-content\/uploads\/2026\/01\/ikuinen-ylamaki-low-1024x506.jpg 1024w, https:\/\/tulikavio.de\/wp-content\/uploads\/2026\/01\/ikuinen-ylamaki-low-768x380.jpg 768w, https:\/\/tulikavio.de\/wp-content\/uploads\/2026\/01\/ikuinen-ylamaki-low-1536x759.jpg 1536w\" sizes=\"auto, (max-width: 1984px) 100vw, 1984px\" \/><figcaption class=\"wp-element-caption\">Eternal Uphill, 2024<\/figcaption><\/figure>\n\n\n\n<figure class=\"wp-block-image size-large wp-container-content-79286276\"><img loading=\"lazy\" decoding=\"async\" width=\"1024\" height=\"1015\" src=\"https:\/\/tulikavio.de\/wp-content\/uploads\/2026\/01\/stolz-low-1024x1015.jpg\" alt=\"\" class=\"wp-image-40\" srcset=\"https:\/\/tulikavio.de\/wp-content\/uploads\/2026\/01\/stolz-low-1024x1015.jpg 1024w, https:\/\/tulikavio.de\/wp-content\/uploads\/2026\/01\/stolz-low-300x297.jpg 300w, https:\/\/tulikavio.de\/wp-content\/uploads\/2026\/01\/stolz-low-150x150.jpg 150w, https:\/\/tulikavio.de\/wp-content\/uploads\/2026\/01\/stolz-low-768x761.jpg 768w, https:\/\/tulikavio.de\/wp-content\/uploads\/2026\/01\/stolz-low.jpg 1417w\" sizes=\"auto, (max-width: 1024px) 100vw, 1024px\" \/><figcaption class=\"wp-element-caption\">Stolz, 2024<\/figcaption><\/figure>\n\n\n\n<figure class=\"wp-block-image size-large\"><img loading=\"lazy\" decoding=\"async\" width=\"1089\" height=\"1089\" src=\"https:\/\/tulikavio.de\/wp-content\/uploads\/2026\/01\/angel-in-blue-low-edited.jpg\" alt=\"\" class=\"wp-image-149\" srcset=\"https:\/\/tulikavio.de\/wp-content\/uploads\/2026\/01\/angel-in-blue-low-edited.jpg 1089w, https:\/\/tulikavio.de\/wp-content\/uploads\/2026\/01\/angel-in-blue-low-edited-300x300.jpg 300w, https:\/\/tulikavio.de\/wp-content\/uploads\/2026\/01\/angel-in-blue-low-edited-1024x1024.jpg 1024w, https:\/\/tulikavio.de\/wp-content\/uploads\/2026\/01\/angel-in-blue-low-edited-150x150.jpg 150w, https:\/\/tulikavio.de\/wp-content\/uploads\/2026\/01\/angel-in-blue-low-edited-768x768.jpg 768w\" sizes=\"auto, (max-width: 1089px) 100vw, 1089px\" \/><figcaption class=\"wp-element-caption\">Angel in Blue, 2025<\/figcaption><\/figure>\n<\/div>\n<\/div>\n\n\n\n<p id=\"Seit\">Seit meiner Kindheit ist das Pferd f\u00fcr mich das wichtigste Tier. Mein K\u00fcnstlername Tulikavio bedeutet auf Finnisch \u201dfeurige Hufe\u201c. Ich habe \u00fcber 20 Ausstellungen in Finnland und auch in Deutschland veranstaltet.<br><br>Das Pferd lebt im Moment, es denkt nicht \u00fcber die Zukunft nach und trauert nicht der Vergangenheit nach \u2013 im Gegensatz zum Menschen. Das Pferd ist einfach. Das reicht ihm als solches. Wir Menschen k\u00f6nnen viel vom Pferd lernen.<\/p>\n\n\n\n<figure class=\"wp-block-image size-large\"><img loading=\"lazy\" decoding=\"async\" width=\"1024\" height=\"498\" src=\"https:\/\/tulikavio.de\/wp-content\/uploads\/2026\/01\/engel-low-1024x498.jpg\" alt=\"\" class=\"wp-image-15\" srcset=\"https:\/\/tulikavio.de\/wp-content\/uploads\/2026\/01\/engel-low-1024x498.jpg 1024w, https:\/\/tulikavio.de\/wp-content\/uploads\/2026\/01\/engel-low-300x146.jpg 300w, https:\/\/tulikavio.de\/wp-content\/uploads\/2026\/01\/engel-low-768x374.jpg 768w, https:\/\/tulikavio.de\/wp-content\/uploads\/2026\/01\/engel-low-1536x748.jpg 1536w, https:\/\/tulikavio.de\/wp-content\/uploads\/2026\/01\/engel-low.jpg 1701w\" sizes=\"auto, (max-width: 1024px) 100vw, 1024px\" \/><figcaption class=\"wp-element-caption\">Engel, 2023<\/figcaption><\/figure>\n\n\n\n<p><br>Jeder Betrachter sieht meine Bilder durch seine eigene Geschichte. Er interpretiert meine Kunst aus seiner eigenen Gef\u00fchlserfahrung heraus. Und alle Interpretationen sind richtig.<br><\/p>\n\n\n\n<p>Zu jedem Gem\u00e4lde geh\u00f6rt auch ein von mir selbst geschriebenes Gedicht, das von der Entstehung und dem Entstehungsprozess des Bildes erz\u00e4hlt. Bild und Wort erg\u00e4nzen sich gegenseitig. Zusammen bilden sie eine starke Verbindung und machen sich gegenseitig gr\u00f6\u00dfer.<\/p>\n\n\n\n<p><br>Vielen Dank f\u00fcr Ihr Interesse an meiner Kunst!<\/p>\n\n\n\n<figure class=\"wp-block-image size-large\"><img loading=\"lazy\" decoding=\"async\" width=\"1024\" height=\"1024\" src=\"https:\/\/tulikavio.de\/wp-content\/uploads\/2026\/01\/Rosentaenzerin-low-1024x1024.jpg\" alt=\"\" class=\"wp-image-43\" srcset=\"https:\/\/tulikavio.de\/wp-content\/uploads\/2026\/01\/Rosentaenzerin-low-1024x1024.jpg 1024w, https:\/\/tulikavio.de\/wp-content\/uploads\/2026\/01\/Rosentaenzerin-low-300x300.jpg 300w, https:\/\/tulikavio.de\/wp-content\/uploads\/2026\/01\/Rosentaenzerin-low-150x150.jpg 150w, https:\/\/tulikavio.de\/wp-content\/uploads\/2026\/01\/Rosentaenzerin-low-768x767.jpg 768w, https:\/\/tulikavio.de\/wp-content\/uploads\/2026\/01\/Rosentaenzerin-low.jpg 1276w\" sizes=\"auto, (max-width: 1024px) 100vw, 1024px\" \/><figcaption class=\"wp-element-caption\">Rosent\u00e4nzerin, 2024<\/figcaption><\/figure>\n","protected":false},"excerpt":{"rendered":"<p>K\u00fcnstlerin Stiina Hovi Ich bin Stiina Hovi, eine finnische Pferdek\u00fcnstlerin. Mein K\u00fcnstlername Tulikavio bedeutet auf Finnisch \u201dfeurige Hufe\u201c. An Pferden faszinieren mich ihre Ausdruckskraft, ihre Linienf\u00fchrung und ihre unendliche Bewegung. Meine Bilder sind keine Fotografien, sondern eher Gef\u00fchlswerke. Das Pferd ist mehr als ein Tier, es ist ein Symbol. Mit Hilfe des Pferdes lassen sich [&hellip;]<\/p>\n","protected":false},"author":1,"featured_media":0,"parent":0,"menu_order":0,"comment_status":"closed","ping_status":"closed","template":"","meta":{"footnotes":""},"class_list":["post-29","page","type-page","status-publish","hentry"],"yoast_head":"<!-- This site is optimized with the Yoast SEO plugin v27.4 - https:\/\/yoast.com\/product\/yoast-seo-wordpress\/ -->\n<title>Tulikavio - Pferdekunst aus Feuer und Eis -<\/title>\n<meta name=\"robots\" content=\"index, follow, max-snippet:-1, max-image-preview:large, max-video-preview:-1\" \/>\n<link rel=\"canonical\" href=\"https:\/\/tulikavio.de\/\" \/>\n<meta property=\"og:locale\" content=\"de_DE\" \/>\n<meta property=\"og:type\" content=\"article\" \/>\n<meta property=\"og:title\" content=\"Tulikavio - Pferdekunst aus Feuer und Eis -\" \/>\n<meta property=\"og:description\" content=\"K\u00fcnstlerin Stiina Hovi Ich bin Stiina Hovi, eine finnische Pferdek\u00fcnstlerin. Mein K\u00fcnstlername Tulikavio bedeutet auf Finnisch \u201dfeurige Hufe\u201c. An Pferden faszinieren mich ihre Ausdruckskraft, ihre Linienf\u00fchrung und ihre unendliche Bewegung. Meine Bilder sind keine Fotografien, sondern eher Gef\u00fchlswerke. Das Pferd ist mehr als ein Tier, es ist ein Symbol. Mit Hilfe des Pferdes lassen sich [&hellip;]\" \/>\n<meta property=\"og:url\" content=\"https:\/\/tulikavio.de\/\" \/>\n<meta property=\"article:modified_time\" content=\"2026-01-09T17:05:37+00:00\" \/>\n<meta property=\"og:image\" content=\"https:\/\/tulikavio.de\/wp-content\/uploads\/2026\/01\/phoenix-low-715x1024.jpg\" \/>\n\t<meta property=\"og:image:width\" content=\"715\" \/>\n\t<meta property=\"og:image:height\" content=\"1024\" \/>\n\t<meta property=\"og:image:type\" content=\"image\/jpeg\" \/>\n<meta name=\"twitter:card\" content=\"summary_large_image\" \/>\n<meta name=\"twitter:label1\" content=\"Gesch\u00e4tzte Lesezeit\" \/>\n\t<meta name=\"twitter:data1\" content=\"5\u00a0Minuten\" \/>\n<script type=\"application\/ld+json\" class=\"yoast-schema-graph\">{\"@context\":\"https:\\\/\\\/schema.org\",\"@graph\":[{\"@type\":\"WebPage\",\"@id\":\"https:\\\/\\\/tulikavio.de\\\/\",\"url\":\"https:\\\/\\\/tulikavio.de\\\/\",\"name\":\"Tulikavio - Pferdekunst aus Feuer und Eis -\",\"isPartOf\":{\"@id\":\"https:\\\/\\\/tulikavio.de\\\/#website\"},\"primaryImageOfPage\":{\"@id\":\"https:\\\/\\\/tulikavio.de\\\/#primaryimage\"},\"image\":{\"@id\":\"https:\\\/\\\/tulikavio.de\\\/#primaryimage\"},\"thumbnailUrl\":\"https:\\\/\\\/tulikavio.de\\\/wp-content\\\/uploads\\\/2026\\\/01\\\/phoenix-low.jpg\",\"datePublished\":\"2026-01-09T14:52:27+00:00\",\"dateModified\":\"2026-01-09T17:05:37+00:00\",\"breadcrumb\":{\"@id\":\"https:\\\/\\\/tulikavio.de\\\/#breadcrumb\"},\"inLanguage\":\"de\",\"potentialAction\":[{\"@type\":\"ReadAction\",\"target\":[\"https:\\\/\\\/tulikavio.de\\\/\"]}]},{\"@type\":\"ImageObject\",\"inLanguage\":\"de\",\"@id\":\"https:\\\/\\\/tulikavio.de\\\/#primaryimage\",\"url\":\"https:\\\/\\\/tulikavio.de\\\/wp-content\\\/uploads\\\/2026\\\/01\\\/phoenix-low.jpg\",\"contentUrl\":\"https:\\\/\\\/tulikavio.de\\\/wp-content\\\/uploads\\\/2026\\\/01\\\/phoenix-low.jpg\",\"width\":1134,\"height\":1623},{\"@type\":\"BreadcrumbList\",\"@id\":\"https:\\\/\\\/tulikavio.de\\\/#breadcrumb\",\"itemListElement\":[{\"@type\":\"ListItem\",\"position\":1,\"name\":\"Etusivu\",\"item\":\"https:\\\/\\\/tulikavio.de\\\/\"},{\"@type\":\"ListItem\",\"position\":2,\"name\":\"Tulikavio &#8211; Pferdekunst aus Feuer und Eis\"}]},{\"@type\":\"WebSite\",\"@id\":\"https:\\\/\\\/tulikavio.de\\\/#website\",\"url\":\"https:\\\/\\\/tulikavio.de\\\/\",\"name\":\"\",\"description\":\"Kontakt: stiinahovi@gmail.com \\\/ Facebook: Tulikavio\",\"potentialAction\":[{\"@type\":\"SearchAction\",\"target\":{\"@type\":\"EntryPoint\",\"urlTemplate\":\"https:\\\/\\\/tulikavio.de\\\/?s={search_term_string}\"},\"query-input\":{\"@type\":\"PropertyValueSpecification\",\"valueRequired\":true,\"valueName\":\"search_term_string\"}}],\"inLanguage\":\"de\"}]}<\/script>\n<!-- \/ Yoast SEO plugin. -->","yoast_head_json":{"title":"Tulikavio - Pferdekunst aus Feuer und Eis -","robots":{"index":"index","follow":"follow","max-snippet":"max-snippet:-1","max-image-preview":"max-image-preview:large","max-video-preview":"max-video-preview:-1"},"canonical":"https:\/\/tulikavio.de\/","og_locale":"de_DE","og_type":"article","og_title":"Tulikavio - Pferdekunst aus Feuer und Eis -","og_description":"K\u00fcnstlerin Stiina Hovi Ich bin Stiina Hovi, eine finnische Pferdek\u00fcnstlerin. Mein K\u00fcnstlername Tulikavio bedeutet auf Finnisch \u201dfeurige Hufe\u201c. An Pferden faszinieren mich ihre Ausdruckskraft, ihre Linienf\u00fchrung und ihre unendliche Bewegung. Meine Bilder sind keine Fotografien, sondern eher Gef\u00fchlswerke. Das Pferd ist mehr als ein Tier, es ist ein Symbol. Mit Hilfe des Pferdes lassen sich [&hellip;]","og_url":"https:\/\/tulikavio.de\/","article_modified_time":"2026-01-09T17:05:37+00:00","og_image":[{"width":715,"height":1024,"url":"https:\/\/tulikavio.de\/wp-content\/uploads\/2026\/01\/phoenix-low-715x1024.jpg","type":"image\/jpeg"}],"twitter_card":"summary_large_image","twitter_misc":{"Gesch\u00e4tzte Lesezeit":"5\u00a0Minuten"},"schema":{"@context":"https:\/\/schema.org","@graph":[{"@type":"WebPage","@id":"https:\/\/tulikavio.de\/","url":"https:\/\/tulikavio.de\/","name":"Tulikavio - Pferdekunst aus Feuer und Eis -","isPartOf":{"@id":"https:\/\/tulikavio.de\/#website"},"primaryImageOfPage":{"@id":"https:\/\/tulikavio.de\/#primaryimage"},"image":{"@id":"https:\/\/tulikavio.de\/#primaryimage"},"thumbnailUrl":"https:\/\/tulikavio.de\/wp-content\/uploads\/2026\/01\/phoenix-low.jpg","datePublished":"2026-01-09T14:52:27+00:00","dateModified":"2026-01-09T17:05:37+00:00","breadcrumb":{"@id":"https:\/\/tulikavio.de\/#breadcrumb"},"inLanguage":"de","potentialAction":[{"@type":"ReadAction","target":["https:\/\/tulikavio.de\/"]}]},{"@type":"ImageObject","inLanguage":"de","@id":"https:\/\/tulikavio.de\/#primaryimage","url":"https:\/\/tulikavio.de\/wp-content\/uploads\/2026\/01\/phoenix-low.jpg","contentUrl":"https:\/\/tulikavio.de\/wp-content\/uploads\/2026\/01\/phoenix-low.jpg","width":1134,"height":1623},{"@type":"BreadcrumbList","@id":"https:\/\/tulikavio.de\/#breadcrumb","itemListElement":[{"@type":"ListItem","position":1,"name":"Etusivu","item":"https:\/\/tulikavio.de\/"},{"@type":"ListItem","position":2,"name":"Tulikavio &#8211; Pferdekunst aus Feuer und Eis"}]},{"@type":"WebSite","@id":"https:\/\/tulikavio.de\/#website","url":"https:\/\/tulikavio.de\/","name":"","description":"Kontakt: stiinahovi@gmail.com \/ Facebook: Tulikavio","potentialAction":[{"@type":"SearchAction","target":{"@type":"EntryPoint","urlTemplate":"https:\/\/tulikavio.de\/?s={search_term_string}"},"query-input":{"@type":"PropertyValueSpecification","valueRequired":true,"valueName":"search_term_string"}}],"inLanguage":"de"}]}},"_links":{"self":[{"href":"https:\/\/tulikavio.de\/index.php?rest_route=\/wp\/v2\/pages\/29","targetHints":{"allow":["GET"]}}],"collection":[{"href":"https:\/\/tulikavio.de\/index.php?rest_route=\/wp\/v2\/pages"}],"about":[{"href":"https:\/\/tulikavio.de\/index.php?rest_route=\/wp\/v2\/types\/page"}],"author":[{"embeddable":true,"href":"https:\/\/tulikavio.de\/index.php?rest_route=\/wp\/v2\/users\/1"}],"replies":[{"embeddable":true,"href":"https:\/\/tulikavio.de\/index.php?rest_route=%2Fwp%2Fv2%2Fcomments&post=29"}],"version-history":[{"count":37,"href":"https:\/\/tulikavio.de\/index.php?rest_route=\/wp\/v2\/pages\/29\/revisions"}],"predecessor-version":[{"id":150,"href":"https:\/\/tulikavio.de\/index.php?rest_route=\/wp\/v2\/pages\/29\/revisions\/150"}],"wp:attachment":[{"href":"https:\/\/tulikavio.de\/index.php?rest_route=%2Fwp%2Fv2%2Fmedia&parent=29"}],"curies":[{"name":"wp","href":"https:\/\/api.w.org\/{rel}","templated":true}]}}